{"id":30,"date":"2015-10-10T20:19:28","date_gmt":"2015-10-10T20:19:28","guid":{"rendered":"http:\/\/hugo-oberau.de\/?page_id=30"},"modified":"2023-01-11T12:10:12","modified_gmt":"2023-01-11T12:10:12","slug":"impressum-2","status":"publish","type":"page","link":"http:\/\/hugo-oberau.de\/?page_id=30","title":{"rendered":"KONTAKT\/IMPRESSUM"},"content":{"rendered":"<div style=\"background: rgba(255, 255, 255, 0.2); padding: 20px;\">\n<p><span style=\"color: #c21000;\"><strong>HUGO&nbsp; Heimat- und Geschichtsverein Oberau e.V.<\/strong><\/span><\/p>\n<p><strong>Erster Vorsitzender:<\/strong><br \/>\nThomas Pflegsh\u00f6rl<br \/>\nAn der Nachtweide 4<br \/>\n63674 Altenstadt<br \/>\nTelefon: 0 60 47\/6 75 04<br \/>\nE-Mail: kontakt@hugo-oberau.de<\/p>\n<p><strong>Verantwortlich f\u00fcr diese Webseiten:<br \/>\n<\/strong><strong>Angaben gem\u00e4\u00df \u00a75 TMG<br \/>\n<\/strong>Lukas Eckhardt<br \/>\nBahnhofstra\u00dfe 78A<br \/>\n63695 Glauburg<\/p>\n<p><strong>Kontakt:<br \/>\n<\/strong>Telefon: 0178 \/ 1697831<br \/>\nE-Mail: lukas.eckhardt@hugo-oberau.de<\/p>\n<p><strong>Informationen zur Datenverarbeitung gem\u00e4\u00df Datenschutzgrundverordnung (DSGVO) der europ\u00e4ischen Union<\/strong><\/p>\n<p><strong>1.<\/strong> Der Vorstand des Vereins HUGO Heimat- und Geschichtsverein Oberau e. V. nimmt mit dem Beitritt eines Mitglieds den Vor- und Nachname, Geburts- und Eintrittsdatum, die Adresse, Telefonnummer und Emailadresse, sowie die Bankverbindung (SEPA-Einzugserm\u00e4chtigung Mitgliedsbeitrag) mit IBAN und BIC auf. Bei den Mitgliedern und Funktionstr\u00e4gern wird zus\u00e4tzlich die Funktion im Verein gespeichert. Weitere Daten werden nicht oder nur mit ausdr\u00fccklicher, erg\u00e4nzender Zustimmung des Betroffenen erhoben.<\/p>\n<p><strong>2.<\/strong> Der Verein verarbeitet die personenbezogenen Daten seiner Mitglieder, auch auf elektronischem Wege und verwendet sie zur Erf\u00fcllung der Aufgaben des Vereins. Zu den Aufgaben des Vereins geh\u00f6ren u. a. Einzug von Mitgliedsbeitr\u00e4gen, postalischer und\/oder Email-Versand von Einladungen und Mitteilungen. Die Daten werden auch f\u00fcr notwendige Meldungen an Vereinsversicherungen, Gratulationen, runde Geburtstage oder Ehrungen verwendet.<\/p>\n<p><strong>3.<\/strong> Die personenbezogenen Daten werden dabei durch geeignete technische und organisatorische Ma\u00dfnahmen vor der Kenntnisnahme Dritter gesch\u00fctzt. Die Vorstandsmitglieder des Vereins sind im Rahmen geltender Beschl\u00fcsse des Vorstandes befugt, personenbezogene Daten des Mitglieds ausschlie\u00dflich und allein f\u00fcr Vereinszwecke auf privaten passwort-gesch\u00fctzten PC zu verarbeiten. Die Daten werden in der Cloud gespeichert. Die Mitglieder des Vorstands haben einen passwortgesch\u00fctzten Zugang zu den gespeicherten Daten.<\/p>\n<p><strong>4.<\/strong> Daten von Spendern werden gespeichert und verarbeitet zur Ausstellung von Spendenbescheinigungen. Soweit gesetzlich vorgeschrieben, werden die Daten von Spendern gem\u00e4\u00df buchhaltungstechnischen Aufbewahrungsfristen dokumentensicher aufbewahrt und nach Ablauf der Frist vernichtet.<\/p>\n<p><strong>5.<\/strong> Mit Einwilligung der Mitglieder werden Namens und Telefonlisten mit Emailadressen an andere Mitglieder zum Zwecke der Kommunikation untereinander weitergegeben. Terminpl\u00e4ne, Einladungen, etc. werden f\u00fcr die Mitglieder auf Grundlage unserer Satzung per Email versandt.<\/p>\n<p><strong>6.<\/strong> Homepage: Der Verein informiert im Sinne der \u00d6ffentlichkeitsarbeit \u00fcber Print- und Telemedien \u00fcber besondere Veranstaltungen, Ehrungen oder besondere Ereignisse. Personenbezogene Daten, wie z. B. der Name, Foto, Funktion im Verein, werden nur ver\u00f6ffentlicht soweit das Mitglied eingewilligt hat. Der Verein hat durch technische und organisatorische Ma\u00dfnahmen sichergestellt, dass die gesetzlichen Vorschriften \u00fcber den Datenschutz sowohl von ihm als auch von externen Dienstleistern beachtet und eingehalten werden. Die Beachtung dieser Verpflichtung wird vom Vorstand des Vereins regelm\u00e4\u00dfig kontrolliert.<\/p>\n<p><strong>7.<\/strong> Das betroffene Vereinsmitglied hat jederzeit die M\u00f6glichkeit, sich \u00fcber die Verwendung und den Verbleib seiner gesch\u00fctzten Daten zu informieren; er hat Anspruch auf Dokumentation der Einhaltung datenschutzrechtlicher Bestimmungen in Bezug auf ihn. Er hat das Recht, jederzeit eine erteilte Einwilligung zu widerrufen und die L\u00f6schung seiner Daten zu verlangen, Art. 17 DSGVO. Der Verein verarbeitet die personenbezogenen Daten im Falle des Widerspruchs nicht mehr, es sei denn, er kann zwingende schutzw\u00fcrdige Gr\u00fcnde f\u00fcr die Verarbeitung nachweisen, die den Interessen, Rechten und Freiheiten der betroffenen Person \u00fcberwiegen, oder die Verarbeitung dient der Geltendmachung, Aus\u00fcbung oder Verteidigung von Rechtsanspr\u00fcchen.<\/p>\n<p><strong>8.<\/strong> Die Daten der ausgeschiedenen Mitglieder werden gel\u00f6scht. Dies gilt auch im Fall des Todes eines Mitglieds.<\/p>\n<p><strong>9.<\/strong> Bei der Einschaltung externer Dienstleister, denen personenbezogene Daten zur Verf\u00fcgung gestellt werden m\u00fcssen, ist durch Abschluss eines entsprechenden Vertrages sichergestellt, dass die Datenschutzbestimmungen in gleicher Weise auch vom beauftragten Unternehmen eingehalten werden.<\/p>\n<p><strong>10.<\/strong> Im Fall des Widerrufs oder der Anzeige von falsch erhobenen Daten werden diese sofort gel\u00f6scht, Art. 21, 18 DSGVO. Auf das Beschwerderecht bei einer Datenschutzaufsichtsbeh\u00f6rde (Art. 77 DSGVO i. V. m. \u00a7 19 BDSG) wird ausdr\u00fccklich hingewiesen.<\/p>\n<p><strong>11.<\/strong> F\u00fcr Datenschutz und Datenverarbeitung im Verein ist der Vorstand verantwortlich<\/p>\n<\/div>\n","protected":false},"excerpt":{"rendered":"<p>HUGO&nbsp; Heimat- und Geschichtsverein Oberau e.V. Erster Vorsitzender: Thomas Pflegsh\u00f6rl An der Nachtweide 4 63674 Altenstadt Telefon: 0 60 47\/6 75 04 E-Mail: kontakt@hugo-oberau.de Verantwortlich f\u00fcr diese Webseiten: Angaben gem\u00e4\u00df \u00a75 TMG Lukas Eckhardt Bahnhofstra\u00dfe 78A 63695 Glauburg Kontakt: Telefon: 0178 \/ 1697831 E-Mail: lukas.eckhardt@hugo-oberau.de Informationen zur Datenverarbeitung gem\u00e4\u00df Datenschutzgrundverordnung (DSGVO) der europ\u00e4ischen Union 1. &hellip; <a href=\"http:\/\/hugo-oberau.de\/?page_id=30\" class=\"more-link\">Weiterlesen <span class=\"screen-reader-text\">KONTAKT\/IMPRESSUM<\/span><\/a><\/p>\n","protected":false},"author":1,"featured_media":149,"parent":0,"menu_order":0,"comment_status":"closed","ping_status":"closed","template":"page-templates\/front-page.php","meta":{"ngg_post_thumbnail":0,"footnotes":""},"class_list":["post-30","page","type-page","status-publish","has-post-thumbnail","hentry","with-featured-image"],"_links":{"self":[{"href":"http:\/\/hugo-oberau.de\/index.php?rest_route=\/wp\/v2\/pages\/30","targetHints":{"allow":["GET"]}}],"collection":[{"href":"http:\/\/hugo-oberau.de\/index.php?rest_route=\/wp\/v2\/pages"}],"about":[{"href":"http:\/\/hugo-oberau.de\/index.php?rest_route=\/wp\/v2\/types\/page"}],"author":[{"embeddable":true,"href":"http:\/\/hugo-oberau.de\/index.php?rest_route=\/wp\/v2\/users\/1"}],"replies":[{"embeddable":true,"href":"http:\/\/hugo-oberau.de\/index.php?rest_route=%2Fwp%2Fv2%2Fcomments&post=30"}],"version-history":[{"count":17,"href":"http:\/\/hugo-oberau.de\/index.php?rest_route=\/wp\/v2\/pages\/30\/revisions"}],"predecessor-version":[{"id":1328,"href":"http:\/\/hugo-oberau.de\/index.php?rest_route=\/wp\/v2\/pages\/30\/revisions\/1328"}],"wp:featuredmedia":[{"embeddable":true,"href":"http:\/\/hugo-oberau.de\/index.php?rest_route=\/wp\/v2\/media\/149"}],"wp:attachment":[{"href":"http:\/\/hugo-oberau.de\/index.php?rest_route=%2Fwp%2Fv2%2Fmedia&parent=30"}],"curies":[{"name":"wp","href":"https:\/\/api.w.org\/{rel}","templated":true}]}}