{"id":150,"date":"2016-03-28T21:22:42","date_gmt":"2016-03-28T21:22:42","guid":{"rendered":"http:\/\/hugo-oberau.de\/?page_id=150"},"modified":"2026-04-29T09:01:33","modified_gmt":"2026-04-29T09:01:33","slug":"aktuelles","status":"publish","type":"page","link":"http:\/\/hugo-oberau.de\/","title":{"rendered":"AKTUELLES"},"content":{"rendered":"\n<figure class=\"wp-block-image size-large\"><img loading=\"lazy\" decoding=\"async\" width=\"724\" height=\"1024\" src=\"http:\/\/hugo-oberau.de\/wp-content\/uploads\/2026\/04\/img_8145-724x1024.jpg\" alt=\"\" class=\"wp-image-1584\" srcset=\"http:\/\/hugo-oberau.de\/wp-content\/uploads\/2026\/04\/img_8145-724x1024.jpg 724w, http:\/\/hugo-oberau.de\/wp-content\/uploads\/2026\/04\/img_8145-212x300.jpg 212w, http:\/\/hugo-oberau.de\/wp-content\/uploads\/2026\/04\/img_8145-768x1086.jpg 768w, http:\/\/hugo-oberau.de\/wp-content\/uploads\/2026\/04\/img_8145-1086x1536.jpg 1086w, http:\/\/hugo-oberau.de\/wp-content\/uploads\/2026\/04\/img_8145-269x380.jpg 269w, http:\/\/hugo-oberau.de\/wp-content\/uploads\/2026\/04\/img_8145.jpg 1190w\" sizes=\"auto, (max-width: 724px) 100vw, 724px\" \/><\/figure>\n\n\n\n<figure class=\"wp-block-image size-large\"><img loading=\"lazy\" decoding=\"async\" width=\"724\" height=\"1024\" src=\"http:\/\/hugo-oberau.de\/wp-content\/uploads\/2026\/04\/img_8146-724x1024.jpg\" alt=\"\" class=\"wp-image-1585\" srcset=\"http:\/\/hugo-oberau.de\/wp-content\/uploads\/2026\/04\/img_8146-724x1024.jpg 724w, http:\/\/hugo-oberau.de\/wp-content\/uploads\/2026\/04\/img_8146-212x300.jpg 212w, http:\/\/hugo-oberau.de\/wp-content\/uploads\/2026\/04\/img_8146-768x1086.jpg 768w, http:\/\/hugo-oberau.de\/wp-content\/uploads\/2026\/04\/img_8146-1086x1536.jpg 1086w, http:\/\/hugo-oberau.de\/wp-content\/uploads\/2026\/04\/img_8146-269x380.jpg 269w, http:\/\/hugo-oberau.de\/wp-content\/uploads\/2026\/04\/img_8146.jpg 1190w\" sizes=\"auto, (max-width: 724px) 100vw, 724px\" \/><\/figure>\n\n\n\n<hr class=\"wp-block-separator has-alpha-channel-opacity\"\/>\n\n\n\n<figure class=\"wp-block-image size-large\"><img loading=\"lazy\" decoding=\"async\" width=\"1024\" height=\"1024\" src=\"http:\/\/hugo-oberau.de\/wp-content\/uploads\/2025\/10\/372c2cfa-7311-4a62-8234-6636fa993d21-1024x1024.jpg\" alt=\"\" class=\"wp-image-1581\" srcset=\"http:\/\/hugo-oberau.de\/wp-content\/uploads\/2025\/10\/372c2cfa-7311-4a62-8234-6636fa993d21-1024x1024.jpg 1024w, http:\/\/hugo-oberau.de\/wp-content\/uploads\/2025\/10\/372c2cfa-7311-4a62-8234-6636fa993d21-300x300.jpg 300w, http:\/\/hugo-oberau.de\/wp-content\/uploads\/2025\/10\/372c2cfa-7311-4a62-8234-6636fa993d21-150x150.jpg 150w, http:\/\/hugo-oberau.de\/wp-content\/uploads\/2025\/10\/372c2cfa-7311-4a62-8234-6636fa993d21-768x768.jpg 768w, http:\/\/hugo-oberau.de\/wp-content\/uploads\/2025\/10\/372c2cfa-7311-4a62-8234-6636fa993d21-90x90.jpg 90w, http:\/\/hugo-oberau.de\/wp-content\/uploads\/2025\/10\/372c2cfa-7311-4a62-8234-6636fa993d21-380x380.jpg 380w, http:\/\/hugo-oberau.de\/wp-content\/uploads\/2025\/10\/372c2cfa-7311-4a62-8234-6636fa993d21.jpg 1289w\" sizes=\"auto, (max-width: 1024px) 100vw, 1024px\" \/><\/figure>\n\n\n\n<hr class=\"wp-block-separator has-alpha-channel-opacity\"\/>\n\n\n\n<figure class=\"wp-block-image size-large\"><img loading=\"lazy\" decoding=\"async\" width=\"1024\" height=\"768\" src=\"http:\/\/hugo-oberau.de\/wp-content\/uploads\/2025\/10\/a4d80b6e-a138-4c47-965c-3b0a215bd59c-1024x768.jpg\" alt=\"\" class=\"wp-image-1578\" srcset=\"http:\/\/hugo-oberau.de\/wp-content\/uploads\/2025\/10\/a4d80b6e-a138-4c47-965c-3b0a215bd59c-1024x768.jpg 1024w, http:\/\/hugo-oberau.de\/wp-content\/uploads\/2025\/10\/a4d80b6e-a138-4c47-965c-3b0a215bd59c-300x225.jpg 300w, http:\/\/hugo-oberau.de\/wp-content\/uploads\/2025\/10\/a4d80b6e-a138-4c47-965c-3b0a215bd59c-768x576.jpg 768w, http:\/\/hugo-oberau.de\/wp-content\/uploads\/2025\/10\/a4d80b6e-a138-4c47-965c-3b0a215bd59c-1536x1152.jpg 1536w, http:\/\/hugo-oberau.de\/wp-content\/uploads\/2025\/10\/a4d80b6e-a138-4c47-965c-3b0a215bd59c-507x380.jpg 507w, http:\/\/hugo-oberau.de\/wp-content\/uploads\/2025\/10\/a4d80b6e-a138-4c47-965c-3b0a215bd59c.jpg 1600w\" sizes=\"auto, (max-width: 1024px) 100vw, 1024px\" \/><figcaption class=\"wp-element-caption\"><br \/>Vielen Dank an alle flei\u00dfigen Helfer*innen bei der heutigen M\u00fcllsammelaktion<\/figcaption><\/figure>\n\n\n\n<figure class=\"wp-block-image size-large\"><img loading=\"lazy\" decoding=\"async\" width=\"736\" height=\"1024\" src=\"http:\/\/hugo-oberau.de\/wp-content\/uploads\/2025\/09\/img_6802-736x1024.jpg\" alt=\"\" class=\"wp-image-1576\" srcset=\"http:\/\/hugo-oberau.de\/wp-content\/uploads\/2025\/09\/img_6802-736x1024.jpg 736w, http:\/\/hugo-oberau.de\/wp-content\/uploads\/2025\/09\/img_6802-215x300.jpg 215w, http:\/\/hugo-oberau.de\/wp-content\/uploads\/2025\/09\/img_6802-768x1069.jpg 768w, http:\/\/hugo-oberau.de\/wp-content\/uploads\/2025\/09\/img_6802-1103x1536.jpg 1103w, http:\/\/hugo-oberau.de\/wp-content\/uploads\/2025\/09\/img_6802-273x380.jpg 273w, http:\/\/hugo-oberau.de\/wp-content\/uploads\/2025\/09\/img_6802.jpg 1290w\" sizes=\"auto, (max-width: 736px) 100vw, 736px\" \/><figcaption class=\"wp-element-caption\"><br \/>Liebe Oberaufreundinnen und Oberaufreunde,<br \/>&nbsp;<br \/>auch 2025 haben wollen wir wieder seitens der Vereinsgemeinschaft Oberau gemeinsam mit Euch den M\u00fcll in der Gemarkung Oberau wegr\u00e4umen.&nbsp;<br \/>Wir treffen uns am Samstag, den 11.10.2025, um 10.00 Uhrvor dem alten Feuerwehrhaus Oberau. Bitte denkt an festes Schuhwerk und Handschuhe!<br \/>&nbsp;<br \/>Wichtig: Es k\u00f6nnen wieder alle&nbsp;mitmachen,-egal, ob gro\u00df oder klein, jung oder alt oder oder&#8230;!<br \/>&nbsp;<br \/>Die Weiterleitung dieser Einladung an alle Oberaufreunde und Oberaufreundinnen in nah und fern ist nat\u00fcrlich wieder ausdr\u00fccklich erw\u00fcnscht!&nbsp;<br \/>Sagt es auch denen weiter, die nicht &#8222;online&#8220; sind, damit viele mitmachen. Papierflyer gibt es auch in diesem Jahr nicht! \uf60a<\/figcaption><\/figure>\n\n\n\n<hr class=\"wp-block-separator has-alpha-channel-opacity\"\/>\n\n\n\n<figure class=\"wp-block-image size-large\"><img loading=\"lazy\" decoding=\"async\" width=\"1024\" height=\"1024\" src=\"http:\/\/hugo-oberau.de\/wp-content\/uploads\/2025\/09\/da95bc7b-d63f-4a3f-b618-5d10848535c6-1024x1024.jpg\" alt=\"\" class=\"wp-image-1573\" srcset=\"http:\/\/hugo-oberau.de\/wp-content\/uploads\/2025\/09\/da95bc7b-d63f-4a3f-b618-5d10848535c6-1024x1024.jpg 1024w, http:\/\/hugo-oberau.de\/wp-content\/uploads\/2025\/09\/da95bc7b-d63f-4a3f-b618-5d10848535c6-300x300.jpg 300w, http:\/\/hugo-oberau.de\/wp-content\/uploads\/2025\/09\/da95bc7b-d63f-4a3f-b618-5d10848535c6-150x150.jpg 150w, http:\/\/hugo-oberau.de\/wp-content\/uploads\/2025\/09\/da95bc7b-d63f-4a3f-b618-5d10848535c6-768x768.jpg 768w, http:\/\/hugo-oberau.de\/wp-content\/uploads\/2025\/09\/da95bc7b-d63f-4a3f-b618-5d10848535c6-90x90.jpg 90w, http:\/\/hugo-oberau.de\/wp-content\/uploads\/2025\/09\/da95bc7b-d63f-4a3f-b618-5d10848535c6-380x380.jpg 380w, http:\/\/hugo-oberau.de\/wp-content\/uploads\/2025\/09\/da95bc7b-d63f-4a3f-b618-5d10848535c6.jpg 1290w\" sizes=\"auto, (max-width: 1024px) 100vw, 1024px\" \/><figcaption class=\"wp-element-caption\"><br \/>Liebe HUGO-Mitglieder,&nbsp;<br \/>liebe Oberaufreundinnen und Oberaufreunde,<br \/>&nbsp;<br \/>auch dieses Jahr hat HUGO f\u00fcr euch eine Exkursion geplant.&nbsp;<br \/><br \/><br \/>Wir laden euch herzlich am 20.09.2025 um 10:00 Uhr zu einer F\u00fchrung in den Steinbruch Michelnau ein.&nbsp;<br \/><br \/><br \/>Alle Informationen entnehmt bitte der beigef\u00fcgten Einladung.&nbsp;<br \/><br \/><br \/>Wir bitten Euch um Anmeldung zur Teilnahme bis sp\u00e4testens zum 13.09.2025 und freuen uns,&nbsp;<br \/>viele von euch im Steinbruch Michelnau begr\u00fc\u00dfen zu k\u00f6nnen.&nbsp;<br \/><br \/><br \/>Bitte denkt daran euch wetterbedingt zu kleiden und an festes Schuhwerk.&nbsp;<br \/><br \/><br \/>Das Weiterleiten an alle Oberaufreunde in nah und fern ist wie immer ausdr\u00fccklich erw\u00fcnscht\uf60a<\/figcaption><\/figure>\n\n\n\n<figure class=\"wp-block-image size-large\"><img loading=\"lazy\" decoding=\"async\" width=\"724\" height=\"1024\" src=\"http:\/\/hugo-oberau.de\/wp-content\/uploads\/2025\/08\/img_6484-724x1024.jpg\" alt=\"\" class=\"wp-image-1566\" srcset=\"http:\/\/hugo-oberau.de\/wp-content\/uploads\/2025\/08\/img_6484-724x1024.jpg 724w, http:\/\/hugo-oberau.de\/wp-content\/uploads\/2025\/08\/img_6484-212x300.jpg 212w, http:\/\/hugo-oberau.de\/wp-content\/uploads\/2025\/08\/img_6484-768x1087.jpg 768w, http:\/\/hugo-oberau.de\/wp-content\/uploads\/2025\/08\/img_6484-1085x1536.jpg 1085w, http:\/\/hugo-oberau.de\/wp-content\/uploads\/2025\/08\/img_6484-269x380.jpg 269w, http:\/\/hugo-oberau.de\/wp-content\/uploads\/2025\/08\/img_6484.jpg 1190w\" sizes=\"auto, (max-width: 724px) 100vw, 724px\" \/><\/figure>\n\n\n\n<figure class=\"wp-block-image size-large\"><img loading=\"lazy\" decoding=\"async\" width=\"724\" height=\"1024\" src=\"http:\/\/hugo-oberau.de\/wp-content\/uploads\/2025\/08\/img_6485-724x1024.jpg\" alt=\"\" class=\"wp-image-1567\" srcset=\"http:\/\/hugo-oberau.de\/wp-content\/uploads\/2025\/08\/img_6485-724x1024.jpg 724w, http:\/\/hugo-oberau.de\/wp-content\/uploads\/2025\/08\/img_6485-212x300.jpg 212w, http:\/\/hugo-oberau.de\/wp-content\/uploads\/2025\/08\/img_6485-768x1087.jpg 768w, http:\/\/hugo-oberau.de\/wp-content\/uploads\/2025\/08\/img_6485-1085x1536.jpg 1085w, http:\/\/hugo-oberau.de\/wp-content\/uploads\/2025\/08\/img_6485-269x380.jpg 269w, http:\/\/hugo-oberau.de\/wp-content\/uploads\/2025\/08\/img_6485.jpg 1190w\" sizes=\"auto, (max-width: 724px) 100vw, 724px\" \/><\/figure>\n\n\n\n<figure class=\"wp-block-image size-large\"><img loading=\"lazy\" decoding=\"async\" width=\"724\" height=\"1024\" src=\"http:\/\/hugo-oberau.de\/wp-content\/uploads\/2025\/08\/img_6486-724x1024.jpg\" alt=\"\" class=\"wp-image-1568\" srcset=\"http:\/\/hugo-oberau.de\/wp-content\/uploads\/2025\/08\/img_6486-724x1024.jpg 724w, http:\/\/hugo-oberau.de\/wp-content\/uploads\/2025\/08\/img_6486-212x300.jpg 212w, http:\/\/hugo-oberau.de\/wp-content\/uploads\/2025\/08\/img_6486-768x1087.jpg 768w, http:\/\/hugo-oberau.de\/wp-content\/uploads\/2025\/08\/img_6486-1085x1536.jpg 1085w, http:\/\/hugo-oberau.de\/wp-content\/uploads\/2025\/08\/img_6486-269x380.jpg 269w, http:\/\/hugo-oberau.de\/wp-content\/uploads\/2025\/08\/img_6486.jpg 1190w\" sizes=\"auto, (max-width: 724px) 100vw, 724px\" \/><figcaption class=\"wp-element-caption\"><br \/>Liebe Oberaufreundinnen und Oberaufreunde,<br \/><br \/><br \/>hier seht ihr die Streckenf\u00fchrung f\u00fcr den HOB 2 &#8211; Hugos Oberauer Bembelweg. B\u00fcrgermeister Imhof wird den Wanderweg am 16.08.2025 ab 13.00 Uhr bei der geplanten Wanderung beim Dorffest offiziell er\u00f6ffnen.<\/figcaption><\/figure>\n\n\n\n<figure class=\"wp-block-image size-large\"><img loading=\"lazy\" decoding=\"async\" width=\"724\" height=\"1024\" src=\"http:\/\/hugo-oberau.de\/wp-content\/uploads\/2025\/07\/8b5b16f0-e266-4d75-bd8d-eef7fc44e085-1-724x1024.jpg\" alt=\"\" class=\"wp-image-1562\" srcset=\"http:\/\/hugo-oberau.de\/wp-content\/uploads\/2025\/07\/8b5b16f0-e266-4d75-bd8d-eef7fc44e085-1-724x1024.jpg 724w, http:\/\/hugo-oberau.de\/wp-content\/uploads\/2025\/07\/8b5b16f0-e266-4d75-bd8d-eef7fc44e085-1-212x300.jpg 212w, http:\/\/hugo-oberau.de\/wp-content\/uploads\/2025\/07\/8b5b16f0-e266-4d75-bd8d-eef7fc44e085-1-768x1086.jpg 768w, http:\/\/hugo-oberau.de\/wp-content\/uploads\/2025\/07\/8b5b16f0-e266-4d75-bd8d-eef7fc44e085-1-269x380.jpg 269w, http:\/\/hugo-oberau.de\/wp-content\/uploads\/2025\/07\/8b5b16f0-e266-4d75-bd8d-eef7fc44e085-1.jpg 1080w\" sizes=\"auto, (max-width: 724px) 100vw, 724px\" \/><\/figure>\n\n\n\n<hr class=\"wp-block-separator has-alpha-channel-opacity\"\/>\n\n\n\n<figure class=\"wp-block-image size-large\"><img loading=\"lazy\" decoding=\"async\" width=\"722\" height=\"1024\" src=\"http:\/\/hugo-oberau.de\/wp-content\/uploads\/2025\/05\/img_5764-2-1-722x1024.jpg\" alt=\"\" class=\"wp-image-1557\" srcset=\"http:\/\/hugo-oberau.de\/wp-content\/uploads\/2025\/05\/img_5764-2-1-722x1024.jpg 722w, http:\/\/hugo-oberau.de\/wp-content\/uploads\/2025\/05\/img_5764-2-1-211x300.jpg 211w, http:\/\/hugo-oberau.de\/wp-content\/uploads\/2025\/05\/img_5764-2-1-768x1090.jpg 768w, http:\/\/hugo-oberau.de\/wp-content\/uploads\/2025\/05\/img_5764-2-1-1083x1536.jpg 1083w, http:\/\/hugo-oberau.de\/wp-content\/uploads\/2025\/05\/img_5764-2-1-268x380.jpg 268w, http:\/\/hugo-oberau.de\/wp-content\/uploads\/2025\/05\/img_5764-2-1.jpg 1263w\" sizes=\"auto, (max-width: 722px) 100vw, 722px\" \/><\/figure>\n\n\n\n<p>Liebe Oberaufreundinnen und Oberaufreunde,<br \/>am 01.05.2025 hat deutschlandweit das \u201eStadtradeln\u201c begonnen. Das Ziel: 21 Tage lang m\u00f6glichst viele Alltagswege klimafreundlich mit dem Fahrrad zur\u00fccklegen und gemeinsam Kilometer sammeln. Dabei ist es egal, ob Ihr bereits jeden Tag Fahrrad fahren oder bisher eher selten mit dem Rad unterwegs sind. Jeder Kilometer ist wertvoll und z\u00e4hlt \u2013 egal wo wir ihn zur\u00fccklegen!&nbsp;<br \/>Im Wetteraukreis beginnt das \u201eStadtradeln\u201c am 13.05.2024 und endet am 13.05.2024. Wir sind als HUGO wieder mit einem Team dabei. Schlie\u00dft Euch also gerne unter dem folgendem Link unserem Team \u201eHUGO Heimat- und Geschichtsverein Oberau\u201c an:<\/p>\n\n\n\n<p><a href=\"https:\/\/www.stadtradeln.de\/wetteraukreis\">https:\/\/www.stadtradeln.de\/wetteraukreis<\/a><\/p>\n\n\n\n<p><br \/>Noch ein Tipp: Einfach die Stadtradeln-App herunterladen, dann lassen sich die Fahrten bequem aufzeichnen und im Konto speichern!<br \/>F\u00fcr R\u00fcckfragen steht auch Holger Eckhardt als \u201eTeamkapit\u00e4n\u201c gerne zur Verf\u00fcgung.<\/p>\n\n\n\n<hr class=\"wp-block-separator has-alpha-channel-opacity\"\/>\n\n\n\n<figure class=\"wp-block-image size-large\"><img loading=\"lazy\" decoding=\"async\" width=\"722\" height=\"1024\" src=\"http:\/\/hugo-oberau.de\/wp-content\/uploads\/2025\/04\/4e4c630a-20e7-41a1-866a-6a8159ead6d8-1-722x1024.jpg\" alt=\"\" class=\"wp-image-1536\" srcset=\"http:\/\/hugo-oberau.de\/wp-content\/uploads\/2025\/04\/4e4c630a-20e7-41a1-866a-6a8159ead6d8-1-722x1024.jpg 722w, http:\/\/hugo-oberau.de\/wp-content\/uploads\/2025\/04\/4e4c630a-20e7-41a1-866a-6a8159ead6d8-1-211x300.jpg 211w, http:\/\/hugo-oberau.de\/wp-content\/uploads\/2025\/04\/4e4c630a-20e7-41a1-866a-6a8159ead6d8-1-768x1089.jpg 768w, http:\/\/hugo-oberau.de\/wp-content\/uploads\/2025\/04\/4e4c630a-20e7-41a1-866a-6a8159ead6d8-1-268x380.jpg 268w, http:\/\/hugo-oberau.de\/wp-content\/uploads\/2025\/04\/4e4c630a-20e7-41a1-866a-6a8159ead6d8-1.jpg 1080w\" sizes=\"auto, (max-width: 722px) 100vw, 722px\" \/><\/figure>\n\n\n\n<hr class=\"wp-block-separator has-alpha-channel-opacity\"\/>\n\n\n\n<figure class=\"wp-block-image size-large\"><img loading=\"lazy\" decoding=\"async\" width=\"721\" height=\"1024\" src=\"http:\/\/hugo-oberau.de\/wp-content\/uploads\/2025\/02\/img_5100-1-721x1024.jpg\" alt=\"\" class=\"wp-image-1473\" srcset=\"http:\/\/hugo-oberau.de\/wp-content\/uploads\/2025\/02\/img_5100-1-721x1024.jpg 721w, http:\/\/hugo-oberau.de\/wp-content\/uploads\/2025\/02\/img_5100-1-211x300.jpg 211w, http:\/\/hugo-oberau.de\/wp-content\/uploads\/2025\/02\/img_5100-1-768x1091.jpg 768w, http:\/\/hugo-oberau.de\/wp-content\/uploads\/2025\/02\/img_5100-1-1081x1536.jpg 1081w, http:\/\/hugo-oberau.de\/wp-content\/uploads\/2025\/02\/img_5100-1-267x380.jpg 267w, http:\/\/hugo-oberau.de\/wp-content\/uploads\/2025\/02\/img_5100-1.jpg 1256w\" sizes=\"auto, (max-width: 721px) 100vw, 721px\" \/><\/figure>\n\n\n\n<figure class=\"wp-block-image size-large\"><img loading=\"lazy\" decoding=\"async\" width=\"783\" height=\"1024\" src=\"http:\/\/hugo-oberau.de\/wp-content\/uploads\/2025\/02\/img_5101-1-783x1024.jpg\" alt=\"\" class=\"wp-image-1472\" srcset=\"http:\/\/hugo-oberau.de\/wp-content\/uploads\/2025\/02\/img_5101-1-783x1024.jpg 783w, http:\/\/hugo-oberau.de\/wp-content\/uploads\/2025\/02\/img_5101-1-229x300.jpg 229w, http:\/\/hugo-oberau.de\/wp-content\/uploads\/2025\/02\/img_5101-1-768x1004.jpg 768w, http:\/\/hugo-oberau.de\/wp-content\/uploads\/2025\/02\/img_5101-1-1175x1536.jpg 1175w, http:\/\/hugo-oberau.de\/wp-content\/uploads\/2025\/02\/img_5101-1-291x380.jpg 291w, http:\/\/hugo-oberau.de\/wp-content\/uploads\/2025\/02\/img_5101-1.jpg 1239w\" sizes=\"auto, (max-width: 783px) 100vw, 783px\" \/><\/figure>\n\n\n\n<hr class=\"wp-block-separator has-alpha-channel-opacity\"\/>\n\n\n\n<ul class=\"wp-block-social-links aligncenter is-layout-flex wp-block-social-links-is-layout-flex\">\n\n<li class=\"wp-social-link wp-social-link-facebook  wp-block-social-link\"><a href=\"https:\/\/www.facebook.com\/share\/1EWCR4D1GQ\/?mibextid=wwXIfr\" class=\"wp-block-social-link-anchor\"><svg width=\"24\" height=\"24\" viewBox=\"0 0 24 24\" version=\"1.1\" xmlns=\"http:\/\/www.w3.org\/2000\/svg\" aria-hidden=\"true\" focusable=\"false\"><path d=\"M12 2C6.5 2 2 6.5 2 12c0 5 3.7 9.1 8.4 9.9v-7H7.9V12h2.5V9.8c0-2.5 1.5-3.9 3.8-3.9 1.1 0 2.2.2 2.2.2v2.5h-1.3c-1.2 0-1.6.8-1.6 1.6V12h2.8l-.4 2.9h-2.3v7C18.3 21.1 22 17 22 12c0-5.5-4.5-10-10-10z\"><\/path><\/svg><span class=\"wp-block-social-link-label screen-reader-text\">Facebook<\/span><\/a><\/li>\n\n\n\n<li class=\"wp-social-link wp-social-link-instagram  wp-block-social-link\"><a href=\"https:\/\/www.instagram.com\/hugo.oberau?igsh=MWtjeWJ5bzZ6NnRxdg%3D%3D&#038;utm_source=qr\" class=\"wp-block-social-link-anchor\"><svg width=\"24\" height=\"24\" viewBox=\"0 0 24 24\" version=\"1.1\" xmlns=\"http:\/\/www.w3.org\/2000\/svg\" aria-hidden=\"true\" focusable=\"false\"><path d=\"M12,4.622c2.403,0,2.688,0.009,3.637,0.052c0.877,0.04,1.354,0.187,1.671,0.31c0.42,0.163,0.72,0.358,1.035,0.673 c0.315,0.315,0.51,0.615,0.673,1.035c0.123,0.317,0.27,0.794,0.31,1.671c0.043,0.949,0.052,1.234,0.052,3.637 s-0.009,2.688-0.052,3.637c-0.04,0.877-0.187,1.354-0.31,1.671c-0.163,0.42-0.358,0.72-0.673,1.035 c-0.315,0.315-0.615,0.51-1.035,0.673c-0.317,0.123-0.794,0.27-1.671,0.31c-0.949,0.043-1.233,0.052-3.637,0.052 s-2.688-0.009-3.637-0.052c-0.877-0.04-1.354-0.187-1.671-0.31c-0.42-0.163-0.72-0.358-1.035-0.673 c-0.315-0.315-0.51-0.615-0.673-1.035c-0.123-0.317-0.27-0.794-0.31-1.671C4.631,14.688,4.622,14.403,4.622,12 s0.009-2.688,0.052-3.637c0.04-0.877,0.187-1.354,0.31-1.671c0.163-0.42,0.358-0.72,0.673-1.035 c0.315-0.315,0.615-0.51,1.035-0.673c0.317-0.123,0.794-0.27,1.671-0.31C9.312,4.631,9.597,4.622,12,4.622 M12,3 C9.556,3,9.249,3.01,8.289,3.054C7.331,3.098,6.677,3.25,6.105,3.472C5.513,3.702,5.011,4.01,4.511,4.511 c-0.5,0.5-0.808,1.002-1.038,1.594C3.25,6.677,3.098,7.331,3.054,8.289C3.01,9.249,3,9.556,3,12c0,2.444,0.01,2.751,0.054,3.711 c0.044,0.958,0.196,1.612,0.418,2.185c0.23,0.592,0.538,1.094,1.038,1.594c0.5,0.5,1.002,0.808,1.594,1.038 c0.572,0.222,1.227,0.375,2.185,0.418C9.249,20.99,9.556,21,12,21s2.751-0.01,3.711-0.054c0.958-0.044,1.612-0.196,2.185-0.418 c0.592-0.23,1.094-0.538,1.594-1.038c0.5-0.5,0.808-1.002,1.038-1.594c0.222-0.572,0.375-1.227,0.418-2.185 C20.99,14.751,21,14.444,21,12s-0.01-2.751-0.054-3.711c-0.044-0.958-0.196-1.612-0.418-2.185c-0.23-0.592-0.538-1.094-1.038-1.594 c-0.5-0.5-1.002-0.808-1.594-1.038c-0.572-0.222-1.227-0.375-2.185-0.418C14.751,3.01,14.444,3,12,3L12,3z M12,7.378 c-2.552,0-4.622,2.069-4.622,4.622S9.448,16.622,12,16.622s4.622-2.069,4.622-4.622S14.552,7.378,12,7.378z M12,15 c-1.657,0-3-1.343-3-3s1.343-3,3-3s3,1.343,3,3S13.657,15,12,15z M16.804,6.116c-0.596,0-1.08,0.484-1.08,1.08 s0.484,1.08,1.08,1.08c0.596,0,1.08-0.484,1.08-1.08S17.401,6.116,16.804,6.116z\"><\/path><\/svg><span class=\"wp-block-social-link-label screen-reader-text\">Instagram<\/span><\/a><\/li>\n\n<li class=\"wp-social-link wp-social-link-whatsapp  wp-block-social-link\"><a href=\"https:\/\/whatsapp.com\/channel\/0029Va8iuGt8KMqbqkWrQN0n\" class=\"wp-block-social-link-anchor\"><svg width=\"24\" height=\"24\" viewBox=\"0 0 24 24\" version=\"1.1\" xmlns=\"http:\/\/www.w3.org\/2000\/svg\" aria-hidden=\"true\" focusable=\"false\"><path d=\"M 12.011719 2 C 6.5057187 2 2.0234844 6.478375 2.0214844 11.984375 C 2.0204844 13.744375 2.4814687 15.462563 3.3554688 16.976562 L 2 22 L 7.2324219 20.763672 C 8.6914219 21.559672 10.333859 21.977516 12.005859 21.978516 L 12.009766 21.978516 C 17.514766 21.978516 21.995047 17.499141 21.998047 11.994141 C 22.000047 9.3251406 20.962172 6.8157344 19.076172 4.9277344 C 17.190172 3.0407344 14.683719 2.001 12.011719 2 z M 12.009766 4 C 14.145766 4.001 16.153109 4.8337969 17.662109 6.3417969 C 19.171109 7.8517969 20.000047 9.8581875 19.998047 11.992188 C 19.996047 16.396187 16.413812 19.978516 12.007812 19.978516 C 10.674812 19.977516 9.3544062 19.642812 8.1914062 19.007812 L 7.5175781 18.640625 L 6.7734375 18.816406 L 4.8046875 19.28125 L 5.2851562 17.496094 L 5.5019531 16.695312 L 5.0878906 15.976562 C 4.3898906 14.768562 4.0204844 13.387375 4.0214844 11.984375 C 4.0234844 7.582375 7.6067656 4 12.009766 4 z M 8.4765625 7.375 C 8.3095625 7.375 8.0395469 7.4375 7.8105469 7.6875 C 7.5815469 7.9365 6.9355469 8.5395781 6.9355469 9.7675781 C 6.9355469 10.995578 7.8300781 12.182609 7.9550781 12.349609 C 8.0790781 12.515609 9.68175 15.115234 12.21875 16.115234 C 14.32675 16.946234 14.754891 16.782234 15.212891 16.740234 C 15.670891 16.699234 16.690438 16.137687 16.898438 15.554688 C 17.106437 14.971687 17.106922 14.470187 17.044922 14.367188 C 16.982922 14.263188 16.816406 14.201172 16.566406 14.076172 C 16.317406 13.951172 15.090328 13.348625 14.861328 13.265625 C 14.632328 13.182625 14.464828 13.140625 14.298828 13.390625 C 14.132828 13.640625 13.655766 14.201187 13.509766 14.367188 C 13.363766 14.534188 13.21875 14.556641 12.96875 14.431641 C 12.71875 14.305641 11.914938 14.041406 10.960938 13.191406 C 10.218937 12.530406 9.7182656 11.714844 9.5722656 11.464844 C 9.4272656 11.215844 9.5585938 11.079078 9.6835938 10.955078 C 9.7955938 10.843078 9.9316406 10.663578 10.056641 10.517578 C 10.180641 10.371578 10.223641 10.267562 10.306641 10.101562 C 10.389641 9.9355625 10.347156 9.7890625 10.285156 9.6640625 C 10.223156 9.5390625 9.737625 8.3065 9.515625 7.8125 C 9.328625 7.3975 9.131125 7.3878594 8.953125 7.3808594 C 8.808125 7.3748594 8.6425625 7.375 8.4765625 7.375 z\"><\/path><\/svg><span class=\"wp-block-social-link-label screen-reader-text\">WhatsApp<\/span><\/a><\/li>\n\n<li class=\"wp-social-link wp-social-link-mail  wp-block-social-link\"><a href=\"mailto:k&#111;n&#116;&#097;k&#116;&#064;hug&#111;-o&#098;e&#114;&#097;u&#046;d&#101;\" class=\"wp-block-social-link-anchor\"><svg width=\"24\" height=\"24\" viewBox=\"0 0 24 24\" version=\"1.1\" xmlns=\"http:\/\/www.w3.org\/2000\/svg\" aria-hidden=\"true\" focusable=\"false\"><path d=\"M19,5H5c-1.1,0-2,.9-2,2v10c0,1.1.9,2,2,2h14c1.1,0,2-.9,2-2V7c0-1.1-.9-2-2-2zm.5,12c0,.3-.2.5-.5.5H5c-.3,0-.5-.2-.5-.5V9.8l7.5,5.6,7.5-5.6V17zm0-9.1L12,13.6,4.5,7.9V7c0-.3.2-.5.5-.5h14c.3,0,.5.2.5.5v.9z\"><\/path><\/svg><span class=\"wp-block-social-link-label screen-reader-text\">Mail<\/span><\/a><\/li><\/ul>\n\n\n\n<p><\/p>\n\n\n\n\n","protected":false},"excerpt":{"rendered":"<p>Liebe Oberaufreundinnen und Oberaufreunde,am 01.05.2025 hat deutschlandweit das \u201eStadtradeln\u201c begonnen. Das Ziel: 21 Tage lang m\u00f6glichst viele Alltagswege klimafreundlich mit dem Fahrrad zur\u00fccklegen und gemeinsam Kilometer sammeln. Dabei ist es egal, ob Ihr bereits jeden Tag Fahrrad fahren oder bisher eher selten mit dem Rad unterwegs sind. Jeder Kilometer ist wertvoll und z\u00e4hlt \u2013 egal &hellip; <a href=\"http:\/\/hugo-oberau.de\/\" class=\"more-link\">Weiterlesen <span class=\"screen-reader-text\">AKTUELLES<\/span><\/a><\/p>\n","protected":false},"author":1,"featured_media":0,"parent":0,"menu_order":0,"comment_status":"closed","ping_status":"closed","template":"","meta":{"ngg_post_thumbnail":0,"footnotes":""},"class_list":["post-150","page","type-page","status-publish","hentry","without-featured-image"],"_links":{"self":[{"href":"http:\/\/hugo-oberau.de\/index.php?rest_route=\/wp\/v2\/pages\/150","targetHints":{"allow":["GET"]}}],"collection":[{"href":"http:\/\/hugo-oberau.de\/index.php?rest_route=\/wp\/v2\/pages"}],"about":[{"href":"http:\/\/hugo-oberau.de\/index.php?rest_route=\/wp\/v2\/types\/page"}],"author":[{"embeddable":true,"href":"http:\/\/hugo-oberau.de\/index.php?rest_route=\/wp\/v2\/users\/1"}],"replies":[{"embeddable":true,"href":"http:\/\/hugo-oberau.de\/index.php?rest_route=%2Fwp%2Fv2%2Fcomments&post=150"}],"version-history":[{"count":265,"href":"http:\/\/hugo-oberau.de\/index.php?rest_route=\/wp\/v2\/pages\/150\/revisions"}],"predecessor-version":[{"id":1587,"href":"http:\/\/hugo-oberau.de\/index.php?rest_route=\/wp\/v2\/pages\/150\/revisions\/1587"}],"wp:attachment":[{"href":"http:\/\/hugo-oberau.de\/index.php?rest_route=%2Fwp%2Fv2%2Fmedia&parent=150"}],"curies":[{"name":"wp","href":"https:\/\/api.w.org\/{rel}","templated":true}]}}